{"id":349,"date":"2016-03-03T01:36:58","date_gmt":"2016-03-03T01:36:58","guid":{"rendered":"http:\/\/wp.smartaddons.com\/themes\/sw_furnicom\/?page_id=349"},"modified":"2017-03-14T18:13:36","modified_gmt":"2017-03-14T20:13:36","slug":"about-us","status":"publish","type":"page","link":"https:\/\/zenono.lt\/?page_id=349","title":{"rendered":"Apie mus"},"content":{"rendered":"<section class=\"wpb-content-wrapper\"><p>[vc_row el_class=&#8221;contact-bonus&#8221;][vc_column width=&#8221;1\/2&#8243; css=&#8221;.vc_custom_1439436126251{margin-bottom: 30px !important;}&#8221;][vc_gmaps link=&#8221;#E-8_JTNDaWZyYW1lJTIwc3JjJTNEJTIyaHR0cHMlM0ElMkYlMkZ3d3cuZ29vZ2xlLmNvbSUyRm1hcHMlMkZlbWJlZCUzRnBiJTNEJTIxMW0xOCUyMTFtMTIlMjExbTMlMjExZDkyNTAuNjA3MDI1ODA4MjczJTIxMmQyMy4wMjM1MTQ2OTEwMDQ1NTQlMjEzZDU0LjU3NDg4OTAyMTgwNjE3JTIxMm0zJTIxMWYwJTIxMmYwJTIxM2YwJTIxM20yJTIxMWkxMDI0JTIxMmk3NjglMjE0ZjEzLjElMjEzbTMlMjExbTIlMjExczB4NDZlMTMxYWJlYjQyN2M5MSUyNTNBMHhmMzVmYjNmYzdlZTAwMGM2JTIxMnpUR0ZyeGFGMGRjU05hV0ZwJTIxNWUwJTIxM20yJTIxMXNsdCUyMTJzbHQlMjE0djE0ODg0MDIxOTI0MjUlMjIlMjB3aWR0aCUzRCUyMjYwMCUyMiUyMGhlaWdodCUzRCUyMjQ1MCUyMiUyMGZyYW1lYm9yZGVyJTNEJTIyMCUyMiUyMHN0eWxlJTNEJTIyYm9yZGVyJTNBMCUyMiUyMGFsbG93ZnVsbHNjcmVlbiUzRSUzQyUyRmlmcmFtZSUzRQ==&#8221; size=&#8221;332px&#8221;][\/vc_column][vc_column width=&#8221;1\/2&#8243;][vc_wp_text]<\/p>\n<table style=\"width: 437.783px;\">\n<tbody>\n<tr>\n<td style=\"width: 154px;\">\u012emon\u0117s kodas<\/td>\n<td style=\"width: 287px;\">285317680<\/td>\n<\/tr>\n<tr>\n<td style=\"width: 154px;\">PVM mok\u0117tojo kodas<\/td>\n<td style=\"width: 287px;\">LT853176811<\/td>\n<td style=\"width: 10.7833px;\"><\/td>\n<\/tr>\n<tr>\n<td style=\"width: 154px;\">Vadovas<\/td>\n<td style=\"width: 287px;\">Zenonas Raulynaitis<\/td>\n<td style=\"width: 10.7833px;\"><\/td>\n<\/tr>\n<tr>\n<td style=\"width: 154px;\">Adresas<\/td>\n<td style=\"width: 287px;\">Lak\u0161tu\u010di\u0173 k., LT-70365 Vilkavi\u0161kio r.<\/td>\n<td style=\"width: 10.7833px;\"><\/td>\n<\/tr>\n<tr>\n<td style=\"width: 154px;\">Mobilus telefonas<\/td>\n<td style=\"width: 287px;\"><img data-recalc-dims=\"1\" decoding=\"async\" class=\"marginTop3\" title=\"Zenono Raulynaicio Imone Mobilus telefonas\" src=\"https:\/\/i0.wp.com\/rekvizitai.vz.lt\/timages\/%3DxQAkxGAtVGZ2NPZ3ZmX.gif?w=940\" alt=\"Zenono Raulynaicio Imone Mobilus telefonas\" \/>, +370 612 59148<\/td>\n<td style=\"width: 10.7833px;\"><\/td>\n<\/tr>\n<tr>\n<td style=\"width: 154px;\">Darbo laikas<\/td>\n<td style=\"width: 287px;\">I-V 08:00-17:00<\/td>\n<td style=\"width: 10.7833px;\"><\/td>\n<\/tr>\n<tr>\n<td style=\"width: 154px;\">Atsiskaitomoji s\u0105skaita<\/td>\n<td style=\"width: 287px;\">LT44 4010 0401 0001 0470<\/td>\n<\/tr>\n<\/tbody>\n<\/table>\n<p>[\/vc_wp_text][\/vc_column][\/vc_row][vc_row][vc_column][vc_wp_text]<\/p>\n<p><span style=\"font-family: arial, helvetica, sans-serif; font-size: 14pt;\"><strong>\u00a0 \u00a0 \u00a0 \u00a0Jau 21 metus dirbame ir kuriame Jums, patogius baldus. Esame d\u0117kingi, kad J\u016bs pastebite ir vertinate m\u016bs\u0173 pastangas.<\/strong><\/span><\/p>\n<p><span style=\"font-family: arial, helvetica, sans-serif; font-size: 14pt;\"><strong>\u0160iuo metu pagrindin\u0117 veikla &#8211; nestandartini\u0173 ir standartini\u0173 korpusini\u0173 bald\u0173 gamyba.<\/strong><\/span><\/p>\n<p>[\/vc_wp_text][\/vc_column][\/vc_row]<\/p>\n<\/section>","protected":false},"excerpt":{"rendered":"<p>[vc_row el_class=&#8221;contact-bonus&#8221;][vc_column width=&#8221;1\/2&#8243; css=&#8221;.vc_custom_1439436126251{margin-bottom: 30px !important;}&#8221;][vc_gmaps link=&#8221;#E-8_JTNDaWZyYW1lJTIwc3JjJTNEJTIyaHR0cHMlM0ElMkYlMkZ3d3cuZ29vZ2xlLmNvbSUyRm1hcHMlMkZlbWJlZCUzRnBiJTNEJTIxMW0xOCUyMTFtMTIlMjExbTMlMjExZDkyNTAuNjA3MDI1ODA4MjczJTIxMmQyMy4wMjM1MTQ2OTEwMDQ1NTQlMjEzZDU0LjU3NDg4OTAyMTgwNjE3JTIxMm0zJTIxMWYwJTIxMmYwJTIxM2YwJTIxM20yJTIxMWkxMDI0JTIxMmk3NjglMjE0ZjEzLjElMjEzbTMlMjExbTIlMjExczB4NDZlMTMxYWJlYjQyN2M5MSUyNTNBMHhmMzVmYjNmYzdlZTAwMGM2JTIxMnpUR0ZyeGFGMGRjU05hV0ZwJTIxNWUwJTIxM20yJTIxMXNsdCUyMTJzbHQlMjE0djE0ODg0MDIxOTI0MjUlMjIlMjB3aWR0aCUzRCUyMjYwMCUyMiUyMGhlaWdodCUzRCUyMjQ1MCUyMiUyMGZyYW1lYm9yZGVyJTNEJTIyMCUyMiUyMHN0eWxlJTNEJTIyYm9yZGVyJTNBMCUyMiUyMGFsbG93ZnVsbHNjcmVlbiUzRSUzQyUyRmlmcmFtZSUzRQ==&#8221; size=&#8221;332px&#8221;][\/vc_column][vc_column width=&#8221;1\/2&#8243;][vc_wp_text] \u012emon\u0117s kodas 285317680 PVM mok\u0117tojo kodas LT853176811 Vadovas Zenonas Raulynaitis Adresas Lak\u0161tu\u010di\u0173 k., LT-70365 Vilkavi\u0161kio r. Mobilus telefonas , +370 612 59148 Darbo laikas I-V 08:00-17:00 Atsiskaitomoji s\u0105skaita LT44 4010 0401 0001 0470 [\/vc_wp_text][\/vc_column][\/vc_row][vc_row][vc_column][vc_wp_text] \u00a0 \u00a0 \u00a0 \u00a0Jau 21 metus dirbame ir kuriame Jums, patogius baldus. &hellip; <a href=\"https:\/\/zenono.lt\/?page_id=349\">Readmore<\/a><\/p>\n","protected":false},"author":1,"featured_media":0,"parent":0,"menu_order":0,"comment_status":"closed","ping_status":"closed","template":"page-home2.php","meta":{"jetpack_post_was_ever_published":false,"footnotes":""},"class_list":["post-349","page","type-page","status-publish","hentry"],"jetpack_sharing_enabled":true,"jetpack_shortlink":"https:\/\/wp.me\/P8sbxN-5D","jetpack-related-posts":[],"_links":{"self":[{"href":"https:\/\/zenono.lt\/index.php?rest_route=\/wp\/v2\/pages\/349","targetHints":{"allow":["GET"]}}],"collection":[{"href":"https:\/\/zenono.lt\/index.php?rest_route=\/wp\/v2\/pages"}],"about":[{"href":"https:\/\/zenono.lt\/index.php?rest_route=\/wp\/v2\/types\/page"}],"author":[{"embeddable":true,"href":"https:\/\/zenono.lt\/index.php?rest_route=\/wp\/v2\/users\/1"}],"replies":[{"embeddable":true,"href":"https:\/\/zenono.lt\/index.php?rest_route=%2Fwp%2Fv2%2Fcomments&post=349"}],"version-history":[{"count":12,"href":"https:\/\/zenono.lt\/index.php?rest_route=\/wp\/v2\/pages\/349\/revisions"}],"predecessor-version":[{"id":1174,"href":"https:\/\/zenono.lt\/index.php?rest_route=\/wp\/v2\/pages\/349\/revisions\/1174"}],"wp:attachment":[{"href":"https:\/\/zenono.lt\/index.php?rest_route=%2Fwp%2Fv2%2Fmedia&parent=349"}],"curies":[{"name":"wp","href":"https:\/\/api.w.org\/{rel}","templated":true}]}}