{"id":1314,"date":"2018-11-06T10:18:12","date_gmt":"2018-11-06T12:18:12","guid":{"rendered":"http:\/\/www.zenono.lt\/?post_type=product&#038;p=1314"},"modified":"2023-09-25T03:33:10","modified_gmt":"2023-09-25T05:33:10","slug":"paminkstintas-kampas","status":"publish","type":"product","link":"https:\/\/zenono.lt\/?product=paminkstintas-kampas","title":{"rendered":"Pamink\u0161tintas Kampas"},"content":{"rendered":"<h2>Apra\u0161ymas<\/h2>\n<div class=\"details\">\n<table style=\"width: 366px;\" border=\"1\">\n<tbody>\n<tr class=\"td-title\">\n<td class=\"td-pav\" style=\"width: 168px;\">Pavadinimas<\/td>\n<td style=\"width: 90px;\">Plotis (mm)<\/td>\n<td style=\"width: 86px;\">Gylis (mm)<\/td>\n<\/tr>\n<tr>\n<td class=\"td-pav\" style=\"width: 168px;\">Pamink\u0161tintas kampas<\/td>\n<td style=\"width: 90px;\">1750<\/td>\n<td style=\"width: 86px;\">1250<\/td>\n<\/tr>\n<\/tbody>\n<\/table>\n<\/div>\n<div class=\"clear\"><\/div>\n<div class=\"clear\">\n<div><\/div>\n<div>\n<div>Spalv\u0173 pasirinkimas: Yra<\/div>\n<div><\/div>\n<div>Vidutinis pristatymo terminas: 14 iki 22 d.d.<\/div>\n<div><\/div>\n<div>Tiksli informacija \u2013 telefonu.<\/div>\n<\/div>\n<\/div>\n","protected":false},"excerpt":{"rendered":"<p>Apra\u0161ymas Pavadinimas Plotis (mm) Gylis (mm) Pamink\u0161tintas kampas 1750 1250 Spalv\u0173 pasirinkimas: Yra Vidutinis pristatymo terminas: 14 iki 22 d.d. Tiksli informacija \u2013 telefonu.<\/p>\n","protected":false},"featured_media":1402,"comment_status":"open","ping_status":"closed","template":"","meta":{"jetpack_post_was_ever_published":false,"jetpack_publicize_message":"","jetpack_publicize_feature_enabled":true,"jetpack_social_post_already_shared":true,"jetpack_social_options":{"image_generator_settings":{"template":"highway","default_image_id":0,"font":"","enabled":false},"version":2}},"product_brand":[],"product_cat":[75,73],"product_tag":[],"class_list":{"0":"post-1314","1":"product","2":"type-product","3":"status-publish","4":"has-post-thumbnail","6":"product_cat-svetaines-baldai","7":"product_cat-virtuves-baldai","9":"first","10":"instock","11":"shipping-taxable","12":"product-type-simple"},"jetpack_publicize_connections":[],"jetpack_sharing_enabled":true,"jetpack-related-posts":[],"_links":{"self":[{"href":"https:\/\/zenono.lt\/index.php?rest_route=\/wp\/v2\/product\/1314","targetHints":{"allow":["GET"]}}],"collection":[{"href":"https:\/\/zenono.lt\/index.php?rest_route=\/wp\/v2\/product"}],"about":[{"href":"https:\/\/zenono.lt\/index.php?rest_route=\/wp\/v2\/types\/product"}],"replies":[{"embeddable":true,"href":"https:\/\/zenono.lt\/index.php?rest_route=%2Fwp%2Fv2%2Fcomments&post=1314"}],"wp:featuredmedia":[{"embeddable":true,"href":"https:\/\/zenono.lt\/index.php?rest_route=\/wp\/v2\/media\/1402"}],"wp:attachment":[{"href":"https:\/\/zenono.lt\/index.php?rest_route=%2Fwp%2Fv2%2Fmedia&parent=1314"}],"wp:term":[{"taxonomy":"product_brand","embeddable":true,"href":"https:\/\/zenono.lt\/index.php?rest_route=%2Fwp%2Fv2%2Fproduct_brand&post=1314"},{"taxonomy":"product_cat","embeddable":true,"href":"https:\/\/zenono.lt\/index.php?rest_route=%2Fwp%2Fv2%2Fproduct_cat&post=1314"},{"taxonomy":"product_tag","embeddable":true,"href":"https:\/\/zenono.lt\/index.php?rest_route=%2Fwp%2Fv2%2Fproduct_tag&post=1314"}],"curies":[{"name":"wp","href":"https:\/\/api.w.org\/{rel}","templated":true}]}}