{"id":1347,"date":"2018-11-23T11:12:43","date_gmt":"2018-11-23T13:12:43","guid":{"rendered":"http:\/\/www.zenono.lt\/?post_type=product&#038;p=1347"},"modified":"2023-09-25T03:41:29","modified_gmt":"2023-09-25T05:41:29","slug":"kusete-s-100","status":"publish","type":"product","link":"https:\/\/zenono.lt\/?product=kusete-s-100","title":{"rendered":"Ku\u0161et\u0117 &#8222;S-100&#8221;"},"content":{"rendered":"<div class=\"details\">\n<table style=\"width: 541px; height: 48px;\" border=\"1\">\n<tbody>\n<tr class=\"td-title\" style=\"height: 24px;\">\n<td class=\"td-pav\" style=\"width: 138px; height: 24px;\">Pavadinimas<\/td>\n<td style=\"width: 106px; height: 24px;\">Ilgis(mm)<\/td>\n<td style=\"width: 97px; height: 24px;\">Plotis (mm)<\/td>\n<td style=\"width: 172px; height: 24px;\">Auk\u0161tis (mm)<\/td>\n<\/tr>\n<tr style=\"height: 24px;\">\n<td class=\"td-pav\" style=\"width: 138px; height: 24px;\">Ku\u0161et\u0117 &#8222;S-100&#8221;<\/td>\n<td style=\"width: 106px; height: 24px;\">1900<\/td>\n<td style=\"width: 97px; height: 24px;\">1000<\/td>\n<td style=\"width: 172px; height: 24px;\">430<\/td>\n<\/tr>\n<\/tbody>\n<\/table>\n<\/div>\n<div class=\"clear\"><\/div>\n<div class=\"clear\">\n<div>\n<div>Patalyn\u0117s d\u0117\u017e\u0117: Yra<\/div>\n<div>Spalv\u0173 pasirinkimas: Yra<\/div>\n<div>Med\u017eiagos: Gobelenas<\/div>\n<div>\u00a0 \u00a0 \u00a0 \u00a0 \u00a0 \u00a0 \u00a0 \u00a0 \u00a0 \u00a0 \u00a0Spyruokl\u0117s<\/div>\n<div>Vidutinis pristatymo terminas: 14 iki 22 d.d.<\/div>\n<div><\/div>\n<div>Tiksli informacija \u2013 telefonu.<\/div>\n<\/div>\n<\/div>\n","protected":false},"excerpt":{"rendered":"<p>Pavadinimas Ilgis(mm) Plotis (mm) Auk\u0161tis (mm) Ku\u0161et\u0117 &#8222;S-100&#8221; 1900 1000 430 Patalyn\u0117s d\u0117\u017e\u0117: Yra Spalv\u0173 pasirinkimas: Yra Med\u017eiagos: Gobelenas \u00a0 \u00a0 \u00a0 \u00a0 \u00a0 \u00a0 \u00a0 \u00a0 \u00a0 \u00a0 \u00a0Spyruokl\u0117s Vidutinis pristatymo terminas: 14 iki 22 d.d. Tiksli informacija \u2013 telefonu.<\/p>\n","protected":false},"featured_media":1348,"comment_status":"open","ping_status":"closed","template":"","meta":{"jetpack_post_was_ever_published":false,"jetpack_publicize_message":"","jetpack_publicize_feature_enabled":true,"jetpack_social_post_already_shared":true,"jetpack_social_options":{"image_generator_settings":{"template":"highway","default_image_id":0,"font":"","enabled":false},"version":2}},"product_brand":[],"product_cat":[26],"product_tag":[],"class_list":{"0":"post-1347","1":"product","2":"type-product","3":"status-publish","4":"has-post-thumbnail","6":"product_cat-miegamojo-banldai","8":"first","9":"instock","10":"shipping-taxable","11":"product-type-simple"},"jetpack_publicize_connections":[],"jetpack_sharing_enabled":true,"jetpack-related-posts":[],"_links":{"self":[{"href":"https:\/\/zenono.lt\/index.php?rest_route=\/wp\/v2\/product\/1347","targetHints":{"allow":["GET"]}}],"collection":[{"href":"https:\/\/zenono.lt\/index.php?rest_route=\/wp\/v2\/product"}],"about":[{"href":"https:\/\/zenono.lt\/index.php?rest_route=\/wp\/v2\/types\/product"}],"replies":[{"embeddable":true,"href":"https:\/\/zenono.lt\/index.php?rest_route=%2Fwp%2Fv2%2Fcomments&post=1347"}],"wp:featuredmedia":[{"embeddable":true,"href":"https:\/\/zenono.lt\/index.php?rest_route=\/wp\/v2\/media\/1348"}],"wp:attachment":[{"href":"https:\/\/zenono.lt\/index.php?rest_route=%2Fwp%2Fv2%2Fmedia&parent=1347"}],"wp:term":[{"taxonomy":"product_brand","embeddable":true,"href":"https:\/\/zenono.lt\/index.php?rest_route=%2Fwp%2Fv2%2Fproduct_brand&post=1347"},{"taxonomy":"product_cat","embeddable":true,"href":"https:\/\/zenono.lt\/index.php?rest_route=%2Fwp%2Fv2%2Fproduct_cat&post=1347"},{"taxonomy":"product_tag","embeddable":true,"href":"https:\/\/zenono.lt\/index.php?rest_route=%2Fwp%2Fv2%2Fproduct_tag&post=1347"}],"curies":[{"name":"wp","href":"https:\/\/api.w.org\/{rel}","templated":true}]}}