{"id":1428,"date":"2019-05-02T11:32:44","date_gmt":"2019-05-02T13:32:44","guid":{"rendered":"http:\/\/www.zenono.lt\/?post_type=product&#038;p=1428"},"modified":"2023-09-25T03:44:18","modified_gmt":"2023-09-25T05:44:18","slug":"lovyte-domukas","status":"publish","type":"product","link":"https:\/\/zenono.lt\/?product=lovyte-domukas","title":{"rendered":"Lovyt\u0117 &#8222;Domukas&#8221;"},"content":{"rendered":"<div>\n<div class=\"details\">\n<table style=\"height: 48px; width: 508px;\" border=\"1\">\n<tbody>\n<tr class=\"td-title\" style=\"height: 24px;\">\n<td class=\"td-pav\" style=\"height: 24px; width: 90px;\">Pavadinimas<\/td>\n<td style=\"height: 24px; width: 109px;\">Vidaus plotis (mm)<\/td>\n<td style=\"height: 24px; width: 114px;\">Vidaus gylis(mm)<\/td>\n<td style=\"height: 24px; width: 72px;\">Plotis (mm)<\/td>\n<td style=\"width: 89px;\">Gylis (mm)<\/td>\n<\/tr>\n<tr style=\"height: 24px;\">\n<td class=\"td-pav\" style=\"height: 24px; width: 90px;\">Domukas<\/td>\n<td style=\"height: 24px; width: 109px;\">1700<\/td>\n<td style=\"height: 24px; width: 114px;\">700<\/td>\n<td style=\"height: 24px; width: 72px;\">1800<\/td>\n<td style=\"width: 89px;\">800<\/td>\n<\/tr>\n<\/tbody>\n<\/table>\n<\/div>\n<div class=\"clear\">\n<div><\/div>\n<\/div>\n<\/div>\n<div class=\"clear\">Miegojimo funkcija: Yra<\/div>\n<div class=\"clear\">\n<div>\n<div>Patalyn\u0117s d\u0117\u017e\u0117: N\u0117ra<\/div>\n<div>Spalv\u0173 pasirinkimas: Yra<\/div>\n<div>Med\u017eiagos: Gobelenas<\/div>\n<div>\u00a0 \u00a0\u00a0 \u00a0\u00a0 \u00a0 \u00a0 \u00a0 \u00a0 \u00a0 \u00a0 \u00a0 Porolonas<\/div>\n<div>\u00a0 \u00a0 \u00a0\u00a0 \u00a0\u00a0 \u00a0 \u00a0 \u00a0 \u00a0 \u00a0 \u00a0 Spyruokl\u0117s<\/div>\n<div>Vidutinis pristatymo terminas: 14 iki 22 d.d.<\/div>\n<div><\/div>\n<div>Tiksli informacija \u2013 telefonu.<\/div>\n<\/div>\n<\/div>\n","protected":false},"excerpt":{"rendered":"<p>Pavadinimas Vidaus plotis (mm) Vidaus gylis(mm) Plotis (mm) Gylis (mm) Domukas 1700 700 1800 800 Miegojimo funkcija: Yra Patalyn\u0117s d\u0117\u017e\u0117: N\u0117ra Spalv\u0173 pasirinkimas: Yra Med\u017eiagos: Gobelenas \u00a0 \u00a0\u00a0 \u00a0\u00a0 \u00a0 \u00a0 \u00a0 \u00a0 \u00a0 \u00a0 \u00a0 Porolonas \u00a0 \u00a0 \u00a0\u00a0 \u00a0\u00a0 \u00a0 \u00a0 \u00a0 \u00a0 \u00a0 \u00a0 Spyruokl\u0117s Vidutinis pristatymo terminas: 14 iki 22 d.d. &hellip; <a href=\"https:\/\/zenono.lt\/?product=lovyte-domukas\">Readmore<\/a><\/p>\n","protected":false},"featured_media":1429,"comment_status":"open","ping_status":"closed","template":"","meta":{"jetpack_post_was_ever_published":false,"jetpack_publicize_message":"","jetpack_publicize_feature_enabled":true,"jetpack_social_post_already_shared":true,"jetpack_social_options":{"image_generator_settings":{"template":"highway","default_image_id":0,"font":"","enabled":false},"version":2}},"product_brand":[],"product_cat":[26],"product_tag":[],"class_list":{"0":"post-1428","1":"product","2":"type-product","3":"status-publish","4":"has-post-thumbnail","6":"product_cat-miegamojo-banldai","8":"first","9":"instock","10":"shipping-taxable","11":"product-type-simple"},"jetpack_publicize_connections":[],"jetpack_sharing_enabled":true,"jetpack-related-posts":[],"_links":{"self":[{"href":"https:\/\/zenono.lt\/index.php?rest_route=\/wp\/v2\/product\/1428","targetHints":{"allow":["GET"]}}],"collection":[{"href":"https:\/\/zenono.lt\/index.php?rest_route=\/wp\/v2\/product"}],"about":[{"href":"https:\/\/zenono.lt\/index.php?rest_route=\/wp\/v2\/types\/product"}],"replies":[{"embeddable":true,"href":"https:\/\/zenono.lt\/index.php?rest_route=%2Fwp%2Fv2%2Fcomments&post=1428"}],"wp:featuredmedia":[{"embeddable":true,"href":"https:\/\/zenono.lt\/index.php?rest_route=\/wp\/v2\/media\/1429"}],"wp:attachment":[{"href":"https:\/\/zenono.lt\/index.php?rest_route=%2Fwp%2Fv2%2Fmedia&parent=1428"}],"wp:term":[{"taxonomy":"product_brand","embeddable":true,"href":"https:\/\/zenono.lt\/index.php?rest_route=%2Fwp%2Fv2%2Fproduct_brand&post=1428"},{"taxonomy":"product_cat","embeddable":true,"href":"https:\/\/zenono.lt\/index.php?rest_route=%2Fwp%2Fv2%2Fproduct_cat&post=1428"},{"taxonomy":"product_tag","embeddable":true,"href":"https:\/\/zenono.lt\/index.php?rest_route=%2Fwp%2Fv2%2Fproduct_tag&post=1428"}],"curies":[{"name":"wp","href":"https:\/\/api.w.org\/{rel}","templated":true}]}}