{"id":1736,"date":"2020-04-03T05:52:01","date_gmt":"2020-04-03T07:52:01","guid":{"rendered":"https:\/\/zenono.lt\/?post_type=product&#038;p=1736"},"modified":"2020-04-03T05:52:01","modified_gmt":"2020-04-03T07:52:01","slug":"lova-trio-v","status":"publish","type":"product","link":"https:\/\/zenono.lt\/?product=lova-trio-v","title":{"rendered":"Lova Trio V"},"content":{"rendered":"<p><span style=\"font-size: medium;\"><span style=\"color: #000000;\"><em>Lova\u00a0<\/em>\u201eTrio\u201c. Miegamoji dalis 200 x 160, su grotel\u0117mis, be \u010diu\u017einio, patalyn\u0117s d\u0117\u017e\u0117\u00a0(auk\u0161tis\/gylis\/plotis cm):<\/span><\/span><\/p>\n<p><span style=\"color: #000000; font-size: medium;\">89 x 208 x 190<\/span><\/p>\n","protected":false},"excerpt":{"rendered":"<p>Lova\u00a0\u201eTrio\u201c. Miegamoji dalis 200 x 160, su grotel\u0117mis, be \u010diu\u017einio, patalyn\u0117s d\u0117\u017e\u0117\u00a0(auk\u0161tis\/gylis\/plotis cm): 89 x 208 x 190<\/p>\n","protected":false},"featured_media":1737,"comment_status":"open","ping_status":"closed","template":"","meta":{"jetpack_post_was_ever_published":false,"jetpack_publicize_message":"","jetpack_publicize_feature_enabled":true,"jetpack_social_post_already_shared":true,"jetpack_social_options":{"image_generator_settings":{"template":"highway","default_image_id":0,"font":"","enabled":false},"version":2}},"product_brand":[],"product_cat":[116],"product_tag":[],"class_list":{"0":"post-1736","1":"product","2":"type-product","3":"status-publish","4":"has-post-thumbnail","6":"product_cat-partneriu-baldai","8":"first","9":"instock","10":"shipping-taxable","11":"purchasable","12":"product-type-simple"},"jetpack_publicize_connections":[],"jetpack_sharing_enabled":true,"jetpack-related-posts":[],"_links":{"self":[{"href":"https:\/\/zenono.lt\/index.php?rest_route=\/wp\/v2\/product\/1736","targetHints":{"allow":["GET"]}}],"collection":[{"href":"https:\/\/zenono.lt\/index.php?rest_route=\/wp\/v2\/product"}],"about":[{"href":"https:\/\/zenono.lt\/index.php?rest_route=\/wp\/v2\/types\/product"}],"replies":[{"embeddable":true,"href":"https:\/\/zenono.lt\/index.php?rest_route=%2Fwp%2Fv2%2Fcomments&post=1736"}],"wp:featuredmedia":[{"embeddable":true,"href":"https:\/\/zenono.lt\/index.php?rest_route=\/wp\/v2\/media\/1737"}],"wp:attachment":[{"href":"https:\/\/zenono.lt\/index.php?rest_route=%2Fwp%2Fv2%2Fmedia&parent=1736"}],"wp:term":[{"taxonomy":"product_brand","embeddable":true,"href":"https:\/\/zenono.lt\/index.php?rest_route=%2Fwp%2Fv2%2Fproduct_brand&post=1736"},{"taxonomy":"product_cat","embeddable":true,"href":"https:\/\/zenono.lt\/index.php?rest_route=%2Fwp%2Fv2%2Fproduct_cat&post=1736"},{"taxonomy":"product_tag","embeddable":true,"href":"https:\/\/zenono.lt\/index.php?rest_route=%2Fwp%2Fv2%2Fproduct_tag&post=1736"}],"curies":[{"name":"wp","href":"https:\/\/api.w.org\/{rel}","templated":true}]}}