{"id":1738,"date":"2020-04-03T05:54:34","date_gmt":"2020-04-03T07:54:34","guid":{"rendered":"https:\/\/zenono.lt\/?post_type=product&#038;p=1738"},"modified":"2020-04-03T05:54:34","modified_gmt":"2020-04-03T07:54:34","slug":"lova-imperija-v","status":"publish","type":"product","link":"https:\/\/zenono.lt\/?product=lova-imperija-v","title":{"rendered":"Lova Imperija V"},"content":{"rendered":"<p><span style=\"font-size: medium;\"><span style=\"color: #000000;\"><em>Lova\u00a0<\/em>\u201eImperija\u201c. Miegamoji dalis 200 x 120\/140\/160\/180, su grotel\u0117mis, pakeliamas mechanizmas, be \u010diu\u017einio, patalyn\u0117s d\u0117\u017e\u0117.<\/span><\/span><\/p>\n<p><span style=\"font-size: medium;\"><span style=\"color: #000000;\">(lovos auk\u0161tis\/galv\u016bgalio auk\u0161tis\/gylis\/plotis cm):<\/span><\/span><\/p>\n<p><span style=\"color: #000000; font-size: medium;\">30,5 x 93\/110 x 216 x 129<\/span><\/p>\n<p><span style=\"color: #000000; font-size: medium;\">30,5 x 93\/110 x 216 x 149<\/span><\/p>\n<p><span style=\"color: #000000; font-size: medium;\">30,5 x 93\/110 x 216 x 169<b><i><u><sub><sup><span style=\"text-decoration: line-through;\"><br \/>\n<\/span><\/sup><\/sub><\/u><\/i><\/b><\/span><\/p>\n<p><span style=\"color: #000000; font-size: medium;\">30,5 x 93\/110 x 216 x 189<\/span><\/p>\n<p><span style=\"color: #000000; font-size: medium;\">Galimas spalv\u0173 pasirinkimas.<\/span><\/p>\n","protected":false},"excerpt":{"rendered":"<p>Lova\u00a0\u201eImperija\u201c. Miegamoji dalis 200 x 120\/140\/160\/180, su grotel\u0117mis, pakeliamas mechanizmas, be \u010diu\u017einio, patalyn\u0117s d\u0117\u017e\u0117. (lovos auk\u0161tis\/galv\u016bgalio auk\u0161tis\/gylis\/plotis cm): 30,5 x 93\/110 x 216 x 129 30,5 x 93\/110 x 216 x 149 30,5 x 93\/110 x 216 x 169 30,5 x 93\/110 x 216 x 189 Galimas spalv\u0173 pasirinkimas.<\/p>\n","protected":false},"featured_media":1739,"comment_status":"open","ping_status":"closed","template":"","meta":{"jetpack_post_was_ever_published":false,"jetpack_publicize_message":"","jetpack_publicize_feature_enabled":true,"jetpack_social_post_already_shared":true,"jetpack_social_options":{"image_generator_settings":{"template":"highway","default_image_id":0,"font":"","enabled":false},"version":2}},"product_brand":[],"product_cat":[116],"product_tag":[],"class_list":{"0":"post-1738","1":"product","2":"type-product","3":"status-publish","4":"has-post-thumbnail","6":"product_cat-partneriu-baldai","8":"first","9":"instock","10":"shipping-taxable","11":"purchasable","12":"product-type-simple"},"jetpack_publicize_connections":[],"jetpack_sharing_enabled":true,"jetpack-related-posts":[],"_links":{"self":[{"href":"https:\/\/zenono.lt\/index.php?rest_route=\/wp\/v2\/product\/1738","targetHints":{"allow":["GET"]}}],"collection":[{"href":"https:\/\/zenono.lt\/index.php?rest_route=\/wp\/v2\/product"}],"about":[{"href":"https:\/\/zenono.lt\/index.php?rest_route=\/wp\/v2\/types\/product"}],"replies":[{"embeddable":true,"href":"https:\/\/zenono.lt\/index.php?rest_route=%2Fwp%2Fv2%2Fcomments&post=1738"}],"wp:featuredmedia":[{"embeddable":true,"href":"https:\/\/zenono.lt\/index.php?rest_route=\/wp\/v2\/media\/1739"}],"wp:attachment":[{"href":"https:\/\/zenono.lt\/index.php?rest_route=%2Fwp%2Fv2%2Fmedia&parent=1738"}],"wp:term":[{"taxonomy":"product_brand","embeddable":true,"href":"https:\/\/zenono.lt\/index.php?rest_route=%2Fwp%2Fv2%2Fproduct_brand&post=1738"},{"taxonomy":"product_cat","embeddable":true,"href":"https:\/\/zenono.lt\/index.php?rest_route=%2Fwp%2Fv2%2Fproduct_cat&post=1738"},{"taxonomy":"product_tag","embeddable":true,"href":"https:\/\/zenono.lt\/index.php?rest_route=%2Fwp%2Fv2%2Fproduct_tag&post=1738"}],"curies":[{"name":"wp","href":"https:\/\/api.w.org\/{rel}","templated":true}]}}