{"id":1742,"date":"2020-04-03T05:57:15","date_gmt":"2020-04-03T07:57:15","guid":{"rendered":"https:\/\/zenono.lt\/?post_type=product&#038;p=1742"},"modified":"2020-04-03T05:57:15","modified_gmt":"2020-04-03T07:57:15","slug":"valgomojo-komplektas-max5bos7-v","status":"publish","type":"product","link":"https:\/\/zenono.lt\/?product=valgomojo-komplektas-max5bos7-v","title":{"rendered":"Valgomojo komplektas MAX5+BOS7 V"},"content":{"rendered":"<p><b>I<\/b><span style=\"font-size: medium;\"><span style=\"color: #000000;\"><b>\u0161matavimai stalo<\/b>\u00a0(auk\u0161tis\/plotis\/gylis)<\/span><\/span><\/p>\n<p>78<span style=\"font-size: medium;\"><span style=\"color: #000000;\">\u00a0x 120\/150 x 80 cm.<\/span><\/span><\/p>\n<p><b>I<\/b><span style=\"font-size: medium;\"><span style=\"color: #000000;\"><b>\u0161matavimai k\u0117d\u0117s<\/b>\u00a0(auk\u0161tis\/plotis\/gylis\/s\u0117dimosios dalies auk\u0161tis)<\/span><\/span><\/p>\n<p><span style=\"font-size: medium;\"><span style=\"color: #000000;\">96 x 43 x 40 x 48 cm.<\/span><\/span><\/p>\n<p><span style=\"font-size: medium;\"><span style=\"color: #000000;\"><b>Komplektas su 4 k\u0117d\u0117mis &#8211; 260<span style=\"font-family: Calibri;\">\u20ac<\/span><\/b><\/span><\/span><\/p>\n<p><span style=\"font-size: medium;\"><span style=\"color: #000000;\"><b>Komplektas su 6 k\u0117d\u0117mis &#8211; 340<span style=\"font-family: Calibri;\">\u20ac<\/span><\/b><\/span><\/span><\/p>\n<p><span style=\"font-size: medium;\"><span style=\"color: #000000;\"><b>Stalas &#8211; 120<span style=\"font-family: Calibri;\">\u20ac<\/span><\/b><\/span><\/span><\/p>\n<p><span style=\"font-size: medium;\"><span style=\"color: #000000;\"><b>K\u0117d\u0117 &#8211; 43<span style=\"font-family: Calibri;\">\u20ac<\/span>\u00a0(galima pikti 2,4,6 ir t.t.)<\/b><\/span><\/span><\/p>\n<p>&nbsp;<\/p>\n<p><strong>Spalv\u0173 pasirinkimas<\/strong><\/p>\n","protected":false},"excerpt":{"rendered":"<p>I\u0161matavimai stalo\u00a0(auk\u0161tis\/plotis\/gylis) 78\u00a0x 120\/150 x 80 cm. I\u0161matavimai k\u0117d\u0117s\u00a0(auk\u0161tis\/plotis\/gylis\/s\u0117dimosios dalies auk\u0161tis) 96 x 43 x 40 x 48 cm. Komplektas su 4 k\u0117d\u0117mis &#8211; 260\u20ac Komplektas su 6 k\u0117d\u0117mis &#8211; 340\u20ac Stalas &#8211; 120\u20ac K\u0117d\u0117 &#8211; 43\u20ac\u00a0(galima pikti 2,4,6 ir t.t.) &nbsp; Spalv\u0173 pasirinkimas<\/p>\n","protected":false},"featured_media":1743,"comment_status":"open","ping_status":"closed","template":"","meta":{"jetpack_post_was_ever_published":false,"jetpack_publicize_message":"","jetpack_publicize_feature_enabled":true,"jetpack_social_post_already_shared":true,"jetpack_social_options":{"image_generator_settings":{"template":"highway","default_image_id":0,"font":"","enabled":false},"version":2}},"product_brand":[],"product_cat":[116],"product_tag":[],"class_list":{"0":"post-1742","1":"product","2":"type-product","3":"status-publish","4":"has-post-thumbnail","6":"product_cat-partneriu-baldai","8":"first","9":"instock","10":"shipping-taxable","11":"purchasable","12":"product-type-simple"},"jetpack_publicize_connections":[],"jetpack_sharing_enabled":true,"jetpack-related-posts":[],"_links":{"self":[{"href":"https:\/\/zenono.lt\/index.php?rest_route=\/wp\/v2\/product\/1742","targetHints":{"allow":["GET"]}}],"collection":[{"href":"https:\/\/zenono.lt\/index.php?rest_route=\/wp\/v2\/product"}],"about":[{"href":"https:\/\/zenono.lt\/index.php?rest_route=\/wp\/v2\/types\/product"}],"replies":[{"embeddable":true,"href":"https:\/\/zenono.lt\/index.php?rest_route=%2Fwp%2Fv2%2Fcomments&post=1742"}],"wp:featuredmedia":[{"embeddable":true,"href":"https:\/\/zenono.lt\/index.php?rest_route=\/wp\/v2\/media\/1743"}],"wp:attachment":[{"href":"https:\/\/zenono.lt\/index.php?rest_route=%2Fwp%2Fv2%2Fmedia&parent=1742"}],"wp:term":[{"taxonomy":"product_brand","embeddable":true,"href":"https:\/\/zenono.lt\/index.php?rest_route=%2Fwp%2Fv2%2Fproduct_brand&post=1742"},{"taxonomy":"product_cat","embeddable":true,"href":"https:\/\/zenono.lt\/index.php?rest_route=%2Fwp%2Fv2%2Fproduct_cat&post=1742"},{"taxonomy":"product_tag","embeddable":true,"href":"https:\/\/zenono.lt\/index.php?rest_route=%2Fwp%2Fv2%2Fproduct_tag&post=1742"}],"curies":[{"name":"wp","href":"https:\/\/api.w.org\/{rel}","templated":true}]}}