{"id":1907,"date":"2021-05-19T04:45:57","date_gmt":"2021-05-19T06:45:57","guid":{"rendered":"https:\/\/zenono.lt\/?post_type=product&#038;p=1907"},"modified":"2023-09-25T03:39:57","modified_gmt":"2023-09-25T05:39:57","slug":"lova-6","status":"publish","type":"product","link":"https:\/\/zenono.lt\/?product=lova-6","title":{"rendered":"Ku\u0161et\u0117 &#8211; Tachta"},"content":{"rendered":"<div class=\"details\">\n<table style=\"width: 35.407%;\" border=\"1\">\n<tbody>\n<tr class=\"td-title\">\n<td class=\"td-pav\" style=\"width: 39.3502%;\">Pavadinimas<\/td>\n<td style=\"width: 29.6029%;\">Plotis (mm)<\/td>\n<td style=\"width: 52.7076%;\">Gylis (mm)<\/td>\n<\/tr>\n<tr>\n<td class=\"td-pav\" style=\"width: 39.3502%;\">Ku\u0161et\u0117 &#8211; Tachta<\/td>\n<td style=\"width: 29.6029%;\">900<\/td>\n<td style=\"width: 52.7076%;\">2000<\/td>\n<\/tr>\n<\/tbody>\n<\/table>\n<\/div>\n<div><\/div>\n<p>Platus spalv\u0173 pasirinkimas: Yra<\/p>\n<p>Furnit\u016bros pasirinkimas: Yra<\/p>\n<p>Vidutinis pristatymo terminas: 14 iki 22 d.d.<\/p>\n<div><\/div>\n<div>Tiksli informacija \u2013 telefonu.<\/div>\n","protected":false},"excerpt":{"rendered":"<p>Pavadinimas Plotis (mm) Gylis (mm) Ku\u0161et\u0117 &#8211; Tachta 900 2000 Platus spalv\u0173 pasirinkimas: Yra Furnit\u016bros pasirinkimas: Yra Vidutinis pristatymo terminas: 14 iki 22 d.d. Tiksli informacija \u2013 telefonu.<\/p>\n","protected":false},"featured_media":1915,"comment_status":"open","ping_status":"closed","template":"","meta":{"jetpack_post_was_ever_published":false,"jetpack_publicize_message":"","jetpack_publicize_feature_enabled":true,"jetpack_social_post_already_shared":true,"jetpack_social_options":{"image_generator_settings":{"template":"highway","default_image_id":0,"font":"","enabled":false},"version":2}},"product_brand":[],"product_cat":[26],"product_tag":[],"class_list":{"0":"post-1907","1":"product","2":"type-product","3":"status-publish","4":"has-post-thumbnail","6":"product_cat-miegamojo-banldai","8":"first","9":"instock","10":"shipping-taxable","11":"product-type-simple"},"jetpack_publicize_connections":[],"jetpack_sharing_enabled":true,"jetpack-related-posts":[],"_links":{"self":[{"href":"https:\/\/zenono.lt\/index.php?rest_route=\/wp\/v2\/product\/1907","targetHints":{"allow":["GET"]}}],"collection":[{"href":"https:\/\/zenono.lt\/index.php?rest_route=\/wp\/v2\/product"}],"about":[{"href":"https:\/\/zenono.lt\/index.php?rest_route=\/wp\/v2\/types\/product"}],"replies":[{"embeddable":true,"href":"https:\/\/zenono.lt\/index.php?rest_route=%2Fwp%2Fv2%2Fcomments&post=1907"}],"wp:featuredmedia":[{"embeddable":true,"href":"https:\/\/zenono.lt\/index.php?rest_route=\/wp\/v2\/media\/1915"}],"wp:attachment":[{"href":"https:\/\/zenono.lt\/index.php?rest_route=%2Fwp%2Fv2%2Fmedia&parent=1907"}],"wp:term":[{"taxonomy":"product_brand","embeddable":true,"href":"https:\/\/zenono.lt\/index.php?rest_route=%2Fwp%2Fv2%2Fproduct_brand&post=1907"},{"taxonomy":"product_cat","embeddable":true,"href":"https:\/\/zenono.lt\/index.php?rest_route=%2Fwp%2Fv2%2Fproduct_cat&post=1907"},{"taxonomy":"product_tag","embeddable":true,"href":"https:\/\/zenono.lt\/index.php?rest_route=%2Fwp%2Fv2%2Fproduct_tag&post=1907"}],"curies":[{"name":"wp","href":"https:\/\/api.w.org\/{rel}","templated":true}]}}