{"id":1924,"date":"2021-07-07T05:54:48","date_gmt":"2021-07-07T07:54:48","guid":{"rendered":"https:\/\/zenono.lt\/?post_type=product&#038;p=1924"},"modified":"2023-09-25T03:46:25","modified_gmt":"2023-09-25T05:46:25","slug":"sofa-zuze-l","status":"publish","type":"product","link":"https:\/\/zenono.lt\/?product=sofa-zuze-l","title":{"rendered":"Sofa Zuz\u0117 L"},"content":{"rendered":"<div class=\"details\">\n<table style=\"width: 49.3582%; height: 69px;\" border=\"1\">\n<tbody>\n<tr class=\"td-title\" style=\"height: 46px;\">\n<td class=\"td-pav\" style=\"height: 46px; width: 22.4564%;\">Pavadinimas<\/td>\n<td style=\"height: 46px; width: 19.8374%;\">Plotis (mm)<\/td>\n<td style=\"height: 46px; width: 18.6173%;\">Gylis (mm)<\/td>\n<td style=\"height: 46px; width: 49.2537%;\">Miegamoji dalis (mm)<\/td>\n<\/tr>\n<tr style=\"height: 23px;\">\n<td class=\"td-pav\" style=\"height: 23px; width: 22.4564%;\">Sofa ZUZ\u0116 L<\/td>\n<td style=\"height: 23px; width: 19.8374%;\">2350<\/td>\n<td style=\"height: 23px; width: 18.6173%;\">1000<\/td>\n<td style=\"height: 23px; width: 49.2537%;\">2000\u00d71300<\/td>\n<\/tr>\n<\/tbody>\n<\/table>\n<\/div>\n<div class=\"clear\"><\/div>\n<div class=\"clear\">\n<div>Miegojimo funkcija: Yra<\/div>\n<div>\n<div>Patalyn\u0117s d\u0117\u017e\u0117: Yra<\/div>\n<div>Spalv\u0173 pasirinkimas: Yra<\/div>\n<div>Med\u017eiagos: Gobelenas<\/div>\n<div>\u00a0 \u00a0\u00a0 \u00a0\u00a0 \u00a0 \u00a0 \u00a0 \u00a0 \u00a0 \u00a0 \u00a0 Porolonas<\/div>\n<div>\u00a0 \u00a0 \u00a0\u00a0 \u00a0\u00a0 \u00a0 \u00a0 \u00a0 \u00a0 \u00a0 \u00a0 Spyruokl\u0117s<\/div>\n<div>Vidutinis pristatymo terminas: 14 iki 22 d.d.<\/div>\n<div><\/div>\n<div>Tiksli informacija \u2013 telefonu.<\/div>\n<\/div>\n<\/div>\n","protected":false},"excerpt":{"rendered":"<p>Pavadinimas Plotis (mm) Gylis (mm) Miegamoji dalis (mm) Sofa ZUZ\u0116 L 2350 1000 2000\u00d71300 Miegojimo funkcija: Yra Patalyn\u0117s d\u0117\u017e\u0117: Yra Spalv\u0173 pasirinkimas: Yra Med\u017eiagos: Gobelenas \u00a0 \u00a0\u00a0 \u00a0\u00a0 \u00a0 \u00a0 \u00a0 \u00a0 \u00a0 \u00a0 \u00a0 Porolonas \u00a0 \u00a0 \u00a0\u00a0 \u00a0\u00a0 \u00a0 \u00a0 \u00a0 \u00a0 \u00a0 \u00a0 Spyruokl\u0117s Vidutinis pristatymo terminas: 14 iki 22 d.d. Tiksli &hellip; <a href=\"https:\/\/zenono.lt\/?product=sofa-zuze-l\">Readmore<\/a><\/p>\n","protected":false},"featured_media":1925,"comment_status":"open","ping_status":"closed","template":"","meta":{"jetpack_post_was_ever_published":false,"jetpack_publicize_message":"","jetpack_publicize_feature_enabled":true,"jetpack_social_post_already_shared":true,"jetpack_social_options":{"image_generator_settings":{"template":"highway","default_image_id":0,"font":"","enabled":false},"version":2}},"product_brand":[],"product_cat":[26],"product_tag":[],"class_list":{"0":"post-1924","1":"product","2":"type-product","3":"status-publish","4":"has-post-thumbnail","6":"product_cat-miegamojo-banldai","8":"first","9":"instock","10":"shipping-taxable","11":"product-type-simple"},"jetpack_publicize_connections":[],"jetpack_sharing_enabled":true,"jetpack-related-posts":[],"_links":{"self":[{"href":"https:\/\/zenono.lt\/index.php?rest_route=\/wp\/v2\/product\/1924","targetHints":{"allow":["GET"]}}],"collection":[{"href":"https:\/\/zenono.lt\/index.php?rest_route=\/wp\/v2\/product"}],"about":[{"href":"https:\/\/zenono.lt\/index.php?rest_route=\/wp\/v2\/types\/product"}],"replies":[{"embeddable":true,"href":"https:\/\/zenono.lt\/index.php?rest_route=%2Fwp%2Fv2%2Fcomments&post=1924"}],"wp:featuredmedia":[{"embeddable":true,"href":"https:\/\/zenono.lt\/index.php?rest_route=\/wp\/v2\/media\/1925"}],"wp:attachment":[{"href":"https:\/\/zenono.lt\/index.php?rest_route=%2Fwp%2Fv2%2Fmedia&parent=1924"}],"wp:term":[{"taxonomy":"product_brand","embeddable":true,"href":"https:\/\/zenono.lt\/index.php?rest_route=%2Fwp%2Fv2%2Fproduct_brand&post=1924"},{"taxonomy":"product_cat","embeddable":true,"href":"https:\/\/zenono.lt\/index.php?rest_route=%2Fwp%2Fv2%2Fproduct_cat&post=1924"},{"taxonomy":"product_tag","embeddable":true,"href":"https:\/\/zenono.lt\/index.php?rest_route=%2Fwp%2Fv2%2Fproduct_tag&post=1924"}],"curies":[{"name":"wp","href":"https:\/\/api.w.org\/{rel}","templated":true}]}}