{"id":248,"date":"2016-02-25T01:41:10","date_gmt":"2016-02-25T03:41:10","guid":{"rendered":"http:\/\/wp.smartaddons.com\/themes\/sw_furnicom\/?post_type=product&#038;p=248"},"modified":"2023-09-25T03:42:23","modified_gmt":"2023-09-25T05:42:23","slug":"salami-nisi","status":"publish","type":"product","link":"https:\/\/zenono.lt\/?product=salami-nisi","title":{"rendered":"Ku\u0161et\u0117 banguota"},"content":{"rendered":"<div class=\"details\">\n<table style=\"width: 456.4px;\" border=\"1\">\n<tbody>\n<tr class=\"td-title\">\n<td class=\"td-pav\" style=\"width: 99px;\">Pavadinimas<\/td>\n<td style=\"width: 132px;\">Plotis (mm)<\/td>\n<td style=\"width: 144px;\">Gylis (mm)<\/td>\n<td style=\"width: 249.4px;\">Miegamoji dalis (mm)<\/td>\n<\/tr>\n<tr>\n<td class=\"td-pav\" style=\"width: 99px;\">Ku\u0161et\u0117 banguota<\/td>\n<td style=\"width: 132px;\">1960<\/td>\n<td style=\"width: 144px;\">830<\/td>\n<td style=\"width: 249.4px;\">1900&#215;800<\/td>\n<\/tr>\n<\/tbody>\n<\/table>\n<\/div>\n<div class=\"clear\"><\/div>\n<div class=\"clear\">\n<div>Miegojimo funkcija: Yra<\/div>\n<div>\n<div>Patalyn\u0117s d\u0117\u017e\u0117: Yra<\/div>\n<div>Spalv\u0173 pasirinkimas: Yra<\/div>\n<div>Med\u017eiagos: Gobelenas<\/div>\n<div>\u00a0 \u00a0\u00a0 \u00a0\u00a0 \u00a0 \u00a0 \u00a0 \u00a0 \u00a0 \u00a0 \u00a0 Porolonas<\/div>\n<div>\u00a0 \u00a0 \u00a0\u00a0 \u00a0\u00a0 \u00a0 \u00a0 \u00a0 \u00a0 \u00a0 \u00a0 Spyruokl\u0117s<\/div>\n<div>Vidutinis pristatymo terminas: 14 iki 22 d.d.<\/div>\n<div><\/div>\n<div>Tiksli informacija \u2013 telefonu.<\/div>\n<\/div>\n<\/div>\n","protected":false},"excerpt":{"rendered":"<p>Pavadinimas Plotis (mm) Gylis (mm) Miegamoji dalis (mm) Ku\u0161et\u0117 banguota 1960 830 1900&#215;800 Miegojimo funkcija: Yra Patalyn\u0117s d\u0117\u017e\u0117: Yra Spalv\u0173 pasirinkimas: Yra Med\u017eiagos: Gobelenas \u00a0 \u00a0\u00a0 \u00a0\u00a0 \u00a0 \u00a0 \u00a0 \u00a0 \u00a0 \u00a0 \u00a0 Porolonas \u00a0 \u00a0 \u00a0\u00a0 \u00a0\u00a0 \u00a0 \u00a0 \u00a0 \u00a0 \u00a0 \u00a0 Spyruokl\u0117s Vidutinis pristatymo terminas: 14 iki 22 d.d. Tiksli informacija &hellip; <a href=\"https:\/\/zenono.lt\/?product=salami-nisi\">Readmore<\/a><\/p>\n","protected":false},"featured_media":1093,"comment_status":"open","ping_status":"closed","template":"","meta":{"jetpack_post_was_ever_published":false,"jetpack_publicize_message":"","jetpack_publicize_feature_enabled":true,"jetpack_social_post_already_shared":true,"jetpack_social_options":{"image_generator_settings":{"template":"highway","default_image_id":0,"font":"","enabled":false},"version":2}},"product_brand":[],"product_cat":[26,75],"product_tag":[],"class_list":{"0":"post-248","1":"product","2":"type-product","3":"status-publish","4":"has-post-thumbnail","6":"product_cat-miegamojo-banldai","7":"product_cat-svetaines-baldai","9":"first","10":"instock","11":"featured","12":"shipping-taxable","13":"product-type-simple"},"jetpack_publicize_connections":[],"jetpack_sharing_enabled":true,"jetpack-related-posts":[],"_links":{"self":[{"href":"https:\/\/zenono.lt\/index.php?rest_route=\/wp\/v2\/product\/248","targetHints":{"allow":["GET"]}}],"collection":[{"href":"https:\/\/zenono.lt\/index.php?rest_route=\/wp\/v2\/product"}],"about":[{"href":"https:\/\/zenono.lt\/index.php?rest_route=\/wp\/v2\/types\/product"}],"replies":[{"embeddable":true,"href":"https:\/\/zenono.lt\/index.php?rest_route=%2Fwp%2Fv2%2Fcomments&post=248"}],"wp:featuredmedia":[{"embeddable":true,"href":"https:\/\/zenono.lt\/index.php?rest_route=\/wp\/v2\/media\/1093"}],"wp:attachment":[{"href":"https:\/\/zenono.lt\/index.php?rest_route=%2Fwp%2Fv2%2Fmedia&parent=248"}],"wp:term":[{"taxonomy":"product_brand","embeddable":true,"href":"https:\/\/zenono.lt\/index.php?rest_route=%2Fwp%2Fv2%2Fproduct_brand&post=248"},{"taxonomy":"product_cat","embeddable":true,"href":"https:\/\/zenono.lt\/index.php?rest_route=%2Fwp%2Fv2%2Fproduct_cat&post=248"},{"taxonomy":"product_tag","embeddable":true,"href":"https:\/\/zenono.lt\/index.php?rest_route=%2Fwp%2Fv2%2Fproduct_tag&post=248"}],"curies":[{"name":"wp","href":"https:\/\/api.w.org\/{rel}","templated":true}]}}