{"id":862,"date":"2016-06-09T02:01:51","date_gmt":"2016-06-09T02:01:51","guid":{"rendered":"http:\/\/wp.smartaddons.com\/themes\/sw_furnicom\/?product=sausage-chicken"},"modified":"2023-09-25T03:46:58","modified_gmt":"2023-09-25T05:46:58","slug":"sausage-chicken","status":"publish","type":"product","link":"https:\/\/zenono.lt\/?product=sausage-chicken","title":{"rendered":"Sofa-paulina"},"content":{"rendered":"<div class=\"details\">\n<table style=\"width: 456.4px;\" border=\"1\">\n<tbody>\n<tr class=\"td-title\">\n<td class=\"td-pav\" style=\"width: 99px;\">Pavadinimas<\/td>\n<td style=\"width: 132px;\">Plotis (mm)<\/td>\n<td style=\"width: 144px;\">Gylis (mm)<\/td>\n<td style=\"width: 249.4px;\">Miegamoji dalis (mm)<\/td>\n<\/tr>\n<tr>\n<td class=\"td-pav\" style=\"width: 99px;\">Sofa-paulina<\/td>\n<td style=\"width: 132px;\">2300<\/td>\n<td style=\"width: 144px;\">900<\/td>\n<td style=\"width: 249.4px;\">1900&#215;1300<\/td>\n<\/tr>\n<\/tbody>\n<\/table>\n<\/div>\n<div class=\"clear\"><\/div>\n<div class=\"clear\">\n<div>Miegojimo funkcija: Yra<\/div>\n<div>\n<div>Patalyn\u0117s d\u0117\u017e\u0117: Yra<\/div>\n<div>Spalv\u0173 pasirinkimas: Yra<\/div>\n<div>Med\u017eiagos: Gobelenas<\/div>\n<div>\u00a0 \u00a0\u00a0 \u00a0\u00a0 \u00a0 \u00a0 \u00a0 \u00a0 \u00a0 \u00a0 \u00a0 Porolonas<\/div>\n<div>\u00a0 \u00a0 \u00a0\u00a0 \u00a0\u00a0 \u00a0 \u00a0 \u00a0 \u00a0 \u00a0 \u00a0 Spyruokl\u0117s<\/div>\n<div>Vidutinis pristatymo terminas: 14 iki 22 d.d.<\/div>\n<div><\/div>\n<div>Tiksli informacija \u2013 telefonu.<\/div>\n<\/div>\n<\/div>\n","protected":false},"excerpt":{"rendered":"<p>Pavadinimas Plotis (mm) Gylis (mm) Miegamoji dalis (mm) Sofa-paulina 2300 900 1900&#215;1300 Miegojimo funkcija: Yra Patalyn\u0117s d\u0117\u017e\u0117: Yra Spalv\u0173 pasirinkimas: Yra Med\u017eiagos: Gobelenas \u00a0 \u00a0\u00a0 \u00a0\u00a0 \u00a0 \u00a0 \u00a0 \u00a0 \u00a0 \u00a0 \u00a0 Porolonas \u00a0 \u00a0 \u00a0\u00a0 \u00a0\u00a0 \u00a0 \u00a0 \u00a0 \u00a0 \u00a0 \u00a0 Spyruokl\u0117s Vidutinis pristatymo terminas: 14 iki 22 d.d. Tiksli informacija \u2013 &hellip; <a href=\"https:\/\/zenono.lt\/?product=sausage-chicken\">Readmore<\/a><\/p>\n","protected":false},"featured_media":1031,"comment_status":"closed","ping_status":"closed","template":"","meta":{"jetpack_post_was_ever_published":false,"jetpack_publicize_message":"","jetpack_publicize_feature_enabled":true,"jetpack_social_post_already_shared":false,"jetpack_social_options":{"image_generator_settings":{"template":"highway","default_image_id":0,"font":"","enabled":false},"version":2}},"product_brand":[],"product_cat":[111,26],"product_tag":[],"class_list":{"0":"post-862","1":"product","2":"type-product","3":"status-publish","4":"has-post-thumbnail","6":"product_cat-uncategorized","7":"product_cat-miegamojo-banldai","9":"first","10":"instock","11":"featured","12":"shipping-taxable","13":"product-type-simple"},"jetpack_publicize_connections":[],"jetpack_sharing_enabled":true,"jetpack-related-posts":[],"_links":{"self":[{"href":"https:\/\/zenono.lt\/index.php?rest_route=\/wp\/v2\/product\/862","targetHints":{"allow":["GET"]}}],"collection":[{"href":"https:\/\/zenono.lt\/index.php?rest_route=\/wp\/v2\/product"}],"about":[{"href":"https:\/\/zenono.lt\/index.php?rest_route=\/wp\/v2\/types\/product"}],"replies":[{"embeddable":true,"href":"https:\/\/zenono.lt\/index.php?rest_route=%2Fwp%2Fv2%2Fcomments&post=862"}],"wp:featuredmedia":[{"embeddable":true,"href":"https:\/\/zenono.lt\/index.php?rest_route=\/wp\/v2\/media\/1031"}],"wp:attachment":[{"href":"https:\/\/zenono.lt\/index.php?rest_route=%2Fwp%2Fv2%2Fmedia&parent=862"}],"wp:term":[{"taxonomy":"product_brand","embeddable":true,"href":"https:\/\/zenono.lt\/index.php?rest_route=%2Fwp%2Fv2%2Fproduct_brand&post=862"},{"taxonomy":"product_cat","embeddable":true,"href":"https:\/\/zenono.lt\/index.php?rest_route=%2Fwp%2Fv2%2Fproduct_cat&post=862"},{"taxonomy":"product_tag","embeddable":true,"href":"https:\/\/zenono.lt\/index.php?rest_route=%2Fwp%2Fv2%2Fproduct_tag&post=862"}],"curies":[{"name":"wp","href":"https:\/\/api.w.org\/{rel}","templated":true}]}}